{"id":66,"date":"2016-09-18T15:36:44","date_gmt":"2016-09-18T13:36:44","guid":{"rendered":"http:\/\/www.osirisverlag.ch\/neu\/?page_id=66"},"modified":"2026-02-05T20:19:16","modified_gmt":"2026-02-05T19:19:16","slug":"natale-ferronato","status":"publish","type":"page","link":"https:\/\/www.osirisverlag.ch\/neu\/natale-ferronato\/","title":{"rendered":"Natale Ferronato \u2013 Ein Verm\u00e4chtnis f\u00fcr die Zukunft der Heilkunde"},"content":{"rendered":"<p><img loading=\"lazy\" decoding=\"async\" class=\"wp-image-48 alignleft\" src=\"https:\/\/www.osirisverlag.ch\/neu\/wp-content\/uploads\/2016\/08\/Cover.jpg\" alt=\"cover\" width=\"147\" height=\"218\" srcset=\"https:\/\/www.osirisverlag.ch\/neu\/wp-content\/uploads\/2016\/08\/Cover.jpg 1871w, https:\/\/www.osirisverlag.ch\/neu\/wp-content\/uploads\/2016\/08\/Cover-202x300.jpg 202w, https:\/\/www.osirisverlag.ch\/neu\/wp-content\/uploads\/2016\/08\/Cover-768x1139.jpg 768w, https:\/\/www.osirisverlag.ch\/neu\/wp-content\/uploads\/2016\/08\/Cover-700x1038.jpg 700w, https:\/\/www.osirisverlag.ch\/neu\/wp-content\/uploads\/2016\/08\/Cover-624x925.jpg 624w\" sizes=\"(max-width: 147px) 100vw, 147px\" \/>Hans-Peter Studer<br \/>\n<strong>Natale Ferronato &#8211; Ein Verm\u00e4chtnis f\u00fcr die Zukunft der Heilkunde<\/strong><br \/>\nSpeicherschwendi 2016, 181 Seiten, mit 21 Fotos und Abbildungen, gebunden<br \/>\ndirekt zu beziehen beim Osiris Verlag, CH-9037 Speicherschwendi, ISBN 978-3-907-504-08-6<br \/>\nFr. 31.80, \u20ac 29.90<br \/>\nF\u00fcr Privatbestellungen Gratisversand CH und FL<\/p>\n<p>Von nah und fern str\u00f6mten unz\u00e4hlige Patientinnen und Patienten in die Naturarzt-Praxis von Natale Ferronato, und auch \u00c4rzte suchten seinen Rat. Selbst in an sich aussichtslosen F\u00e4llen vermochte er mit seinen ungew\u00f6hnlichen Diagnose- und Therapiemethoden vielen zu helfen.<\/p>\n<p>Inzwischen ist Natale Ferronato 90 Jahre alt und pl\u00e4diert mehr denn je daf\u00fcr, die Medizin auf eine neue Basis zu stellen, im Sinn einer denkintuitiven Heilkunde im Einklang mit der Natur. Mehr zu ihm und seiner Arbeit erfahren Sie auf seiner Homepage: <a href=\"http:\/\/ferronato-natale.com\/\">http:\/\/ferronato-natale.com\/<\/a><\/p>\n<p>Der Autor Dr. oec. Hans-Peter Studer hatte das Privileg, Natale Ferronato w\u00e4hrend mehrerer Jahre bei seiner T\u00e4tigkeit zu begleiten. Er wohnt und arbeitet in der Ostschweiz als Erwachsenenbildner und selbst\u00e4ndiger Mitwelt- und Gesundheits\u00f6konom. Er gibt Vortr\u00e4ge und leitet Seminare, ist auch journalistisch t\u00e4tig sowie Autor zahlreicher B\u00fccher.<\/p>\n<p><a href=\"https:\/\/www.osirisverlag.ch\/neu\/wp-content\/uploads\/2016\/09\/Inhaltsverzeichnis.pdf\" target=\"_blank\" rel=\"noopener noreferrer\">Inhaltsverzeichnis<\/a>\u00a0\u00a0\u00a0\u00a0\u00a0\u00a0\u00a0\u00a0\u00a0\u00a0\u00a0\u00a0\u00a0\u00a0\u00a0\u00a0\u00a0\u00a0 <a href=\"https:\/\/www.osirisverlag.ch\/neu\/wp-content\/uploads\/2017\/07\/Vorwort.pdf\">Vorwort<\/a>\u00a0\u00a0\u00a0\u00a0\u00a0\u00a0\u00a0\u00a0\u00a0\u00a0\u00a0\u00a0\u00a0\u00a0 \u00a0 \u00a0\u00a0 <a href=\"https:\/\/www.osirisverlag.ch\/neu\/wp-content\/uploads\/2016\/09\/Einleitung.pdf\" target=\"_blank\" rel=\"noopener noreferrer\">Einleitung<\/a><\/p>\n<p><strong>Geschenkidee<\/strong>: Dieses Buch k\u00f6nnen sie gegen einen kleinen Aufpreis von Fr. 5.50 oder \u20ac 5.00 pro St\u00fcck auch in einer personalisierten Fassung erwerben. Dabei wird vor dem Binden zuvorderst eine Zusatzseite eingef\u00fcgt, die Sie selber mit Ihrem pers\u00f6nlichen Text und allenfalls einem Bild oder Logo versehen k\u00f6nnen. Sie k\u00f6nnen dabei verschiedene drei Schriftgr\u00f6ssen wahlen und die Grafikelemente auch bearbeiten. Hier vier Beispiele von individuell gestalteten Einstiegsseiten:<\/p>\n<p><a href=\"https:\/\/www.osirisverlag.ch\/neu\/wp-content\/uploads\/2017\/12\/Beispiele-f\u00fcr-personalisierte-Buchseiten-2.pdf\">Beispiele f\u00fcr personalisierte Buchseiten 2<\/a><\/p>\n<p><a href=\"https:\/\/www.osirisverlag.ch\/neu\/wp-content\/uploads\/2016\/12\/Wichtige-Hinweise-f\u00fcr-die-Gestaltung-einer-eigenen-Buchseite.pdf\" target=\"_blank\" rel=\"noopener noreferrer\">Wichtige Hinweise f\u00fcr die Gestaltung einer eigenen Buchseite<\/a><\/p>\n<p><a href=\"https:\/\/www.osirisverlag.ch\/neu\/bestellung\/?id=1\"><strong><span style=\"color: #99cc00;\">Hier k\u00f6nnen Sie Ihre hochwertige Fassung mit oder ohne Personalisierung bestellen.<\/span><\/strong><\/a><\/p>\n","protected":false},"excerpt":{"rendered":"<p>Hans-Peter Studer Natale Ferronato &#8211; Ein Verm\u00e4chtnis f\u00fcr die Zukunft der Heilkunde Speicherschwendi 2016, 181 Seiten, mit 21 Fotos und Abbildungen, gebunden direkt zu beziehen beim Osiris Verlag, CH-9037 Speicherschwendi, ISBN 978-3-907-504-08-6 Fr. 31.80, \u20ac 29.90 F\u00fcr Privatbestellungen Gratisversand CH und FL Von nah und fern str\u00f6mten unz\u00e4hlige Patientinnen und Patienten in die Naturarzt-Praxis von [&hellip;]<\/p>\n","protected":false},"author":1,"featured_media":0,"parent":0,"menu_order":0,"comment_status":"closed","ping_status":"closed","template":"","meta":{"footnotes":""},"_links":{"self":[{"href":"https:\/\/www.osirisverlag.ch\/neu\/wp-json\/wp\/v2\/pages\/66"}],"collection":[{"href":"https:\/\/www.osirisverlag.ch\/neu\/wp-json\/wp\/v2\/pages"}],"about":[{"href":"https:\/\/www.osirisverlag.ch\/neu\/wp-json\/wp\/v2\/types\/page"}],"author":[{"embeddable":true,"href":"https:\/\/www.osirisverlag.ch\/neu\/wp-json\/wp\/v2\/users\/1"}],"replies":[{"embeddable":true,"href":"https:\/\/www.osirisverlag.ch\/neu\/wp-json\/wp\/v2\/comments?post=66"}],"version-history":[{"count":41,"href":"https:\/\/www.osirisverlag.ch\/neu\/wp-json\/wp\/v2\/pages\/66\/revisions"}],"predecessor-version":[{"id":461,"href":"https:\/\/www.osirisverlag.ch\/neu\/wp-json\/wp\/v2\/pages\/66\/revisions\/461"}],"wp:attachment":[{"href":"https:\/\/www.osirisverlag.ch\/neu\/wp-json\/wp\/v2\/media?parent=66"}],"curies":[{"name":"wp","href":"https:\/\/api.w.org\/{rel}","templated":true}]}}