{"id":2,"date":"2016-08-11T15:51:52","date_gmt":"2016-08-11T13:51:52","guid":{"rendered":"http:\/\/www.osirisverlag.ch\/neu\/?page_id=2"},"modified":"2026-04-21T23:29:44","modified_gmt":"2026-04-21T21:29:44","slug":"beispiel-seite","status":"publish","type":"page","link":"https:\/\/www.osirisverlag.ch\/neu\/","title":{"rendered":"Aktuelles"},"content":{"rendered":"<h2 style=\"text-align: left;\">Eine Hommage an einen grossartigen Naturarzt<img loading=\"lazy\" decoding=\"async\" class=\"wp-image-48 alignleft\" src=\"https:\/\/www.osirisverlag.ch\/neu\/wp-content\/uploads\/2016\/08\/Cover.jpg\" alt=\"cover\" width=\"153\" height=\"227\" srcset=\"https:\/\/www.osirisverlag.ch\/neu\/wp-content\/uploads\/2016\/08\/Cover.jpg 1871w, https:\/\/www.osirisverlag.ch\/neu\/wp-content\/uploads\/2016\/08\/Cover-202x300.jpg 202w, https:\/\/www.osirisverlag.ch\/neu\/wp-content\/uploads\/2016\/08\/Cover-768x1139.jpg 768w, https:\/\/www.osirisverlag.ch\/neu\/wp-content\/uploads\/2016\/08\/Cover-700x1038.jpg 700w, https:\/\/www.osirisverlag.ch\/neu\/wp-content\/uploads\/2016\/08\/Cover-624x925.jpg 624w\" sizes=\"(max-width: 153px) 100vw, 153px\" \/><\/h2>\n<p>Am 15. Dezember 2025 hat Natale Ferronato seinen hundertsten Geburtstag gefeiert und so gleichsam an sich selbst unter Beweis gestellt, wie wirksam seine auf der Natur basierenden Heilmittel und -methoden sind. Denn bereits nach dem ersten von zwei schweren Unf\u00e4llen, die er bereits in jungen Jahren erlitt, hatte ein Arzt seiner Ehefrau gegen\u00fcber gemeint, sie m\u00fcsse damit rechnen, dass er h\u00f6chstens noch zehn Jahre zu leben habe. Er jedoch liess sich im wahrsten Sinn nicht unterkriegen und entwickelte seine eigenen Diagnose- und Heilmethoden, mit denen er unz\u00e4hligen Patientinnen und Patienten zu helfen vermochte. <br \/>Lesen sie mehr dazu in diesem faszinierenden und zukunftsweisenden Buch, das sich auch hervorragend als Geschenk f\u00fcr alle jene eignet, die ihre eigene Gesundheit st\u00e4rken wollen und f\u00fcr Alternativen zum heutigen, auf den finanziellen Zusammenbruch zusteuernden Krankheitswesen offen sind.<\/p>\n<p><a href=\"https:\/\/www.osirisverlag.ch\/neu\/natale-ferronato\/\">Mehr dazu erfahren<\/a><\/p>\n<p>Das Buch ist auch in einer italienischen \u00dcbersetzung als eBook erh\u00e4ltlich, auf <a href=\"https:\/\/www.fantarea.com\/ebooks\/saggistica\/natale-ferronato.html\">https:\/\/www.fantarea.com\/ebooks\/saggistica\/natale-ferronato.html<\/a><\/p>\n<p>Passend dazu ist im Haug-Verlag Ende 2025 zudem die 4. Auflage von Natale Ferronatos Buch &#8222;Praxis der Pathophyiognomik. Lehrbuch und Bildatlas der Krankheitszeichen im Gesicht&#8220; erschienen: <a href=\"_wp_link_placeholder\" data-wplink-edit=\"true\">https:\/\/shop.thieme.de\/Praxis-der-Pathophysiognomik\/9783132438286<\/a>\u00a0<\/p>\n<p><strong>Wir liefern in der Schweiz und in Liechtenstein f\u00fcr Privatbesteller versandkostenfrei. F\u00fcr andere L\u00e4nder verrechnen wir f\u00fcr Privatbesteller nur die Portokosten ab Deutschland, wo wir eine Auslieferstelle haben. <\/strong><\/p>\n\n\n<p><\/p>\n","protected":false},"excerpt":{"rendered":"<p>Eine Hommage an einen grossartigen Naturarzt Am 15. Dezember 2025 hat Natale Ferronato seinen hundertsten Geburtstag gefeiert und so gleichsam an sich selbst unter Beweis gestellt, wie wirksam seine auf der Natur basierenden Heilmittel und -methoden sind. Denn bereits nach dem ersten von zwei schweren Unf\u00e4llen, die er bereits in jungen Jahren erlitt, hatte ein [&hellip;]<\/p>\n","protected":false},"author":1,"featured_media":0,"parent":0,"menu_order":0,"comment_status":"closed","ping_status":"open","template":"","meta":{"footnotes":""},"_links":{"self":[{"href":"https:\/\/www.osirisverlag.ch\/neu\/wp-json\/wp\/v2\/pages\/2"}],"collection":[{"href":"https:\/\/www.osirisverlag.ch\/neu\/wp-json\/wp\/v2\/pages"}],"about":[{"href":"https:\/\/www.osirisverlag.ch\/neu\/wp-json\/wp\/v2\/types\/page"}],"author":[{"embeddable":true,"href":"https:\/\/www.osirisverlag.ch\/neu\/wp-json\/wp\/v2\/users\/1"}],"replies":[{"embeddable":true,"href":"https:\/\/www.osirisverlag.ch\/neu\/wp-json\/wp\/v2\/comments?post=2"}],"version-history":[{"count":33,"href":"https:\/\/www.osirisverlag.ch\/neu\/wp-json\/wp\/v2\/pages\/2\/revisions"}],"predecessor-version":[{"id":477,"href":"https:\/\/www.osirisverlag.ch\/neu\/wp-json\/wp\/v2\/pages\/2\/revisions\/477"}],"wp:attachment":[{"href":"https:\/\/www.osirisverlag.ch\/neu\/wp-json\/wp\/v2\/media?parent=2"}],"curies":[{"name":"wp","href":"https:\/\/api.w.org\/{rel}","templated":true}]}}